{"id":1036,"date":"2009-08-12T13:11:23","date_gmt":"2009-08-12T12:11:23","guid":{"rendered":"http:\/\/www.grandtour.at\/main\/?page_id=1036"},"modified":"2017-04-17T22:15:32","modified_gmt":"2017-04-17T20:15:32","slug":"italien","status":"publish","type":"page","link":"http:\/\/www.christophulbrich.at\/grandtour\/berichte\/italien\/","title":{"rendered":"Italien"},"content":{"rendered":"<p>Von Tarvisio durch das Kanaltal nach Caorle und Jesolo an den Hausmeisterstrand. Dann weiter \u00fcber den Lido di Venezia, Cesenatico, Rimini nach Ancona auf die F\u00e4hre nach Griechenland.<\/p>\n<p>Beitr\u00e4ge in chronologischer Reihenfolge:<\/p>\n<p><a href=\"http:\/\/www.christophulbrich.at\/grandtour\/news\/stand-der-dinge-702-km\/\" target=\"_blank\">Die ersten Kilometer in Italien<\/a><\/p>\n<p><a href=\"http:\/\/www.christophulbrich.at\/grandtour\/news\/ghoste-bikes-in-venedig\" target=\"_blank\">Ghost Bikes in Venedig<\/a><\/p>\n<p><a href=\"http:\/\/www.christophulbrich.at\/grandtour\/news\/der-pirat-aus-cesenatico\/\" target=\"_blank\">Der Pirat aus Cesenatico<\/a><\/p>\n<p><a href=\"http:\/\/www.christophulbrich.at\/grandtour\/news\/ganz-italien-ist-ein-hotel\/\" target=\"_blank\">Ganz Italien ein Hotel<\/a><\/p>\n<p><a href=\"http:\/\/www.christophulbrich.at\/grandtour\/news\/camping-total\/\" target=\"_blank\">Camping total<\/a><\/p>\n","protected":false},"excerpt":{"rendered":"<p>Von Tarvisio durch das Kanaltal nach Caorle und Jesolo an den Hausmeisterstrand. Dann weiter \u00fcber den Lido di Venezia, Cesenatico, Rimini nach Ancona auf die F\u00e4hre nach Griechenland. Beitr\u00e4ge in chronologischer Reihenfolge: Die ersten Kilometer in Italien Ghost Bikes in Venedig Der Pirat aus Cesenatico Ganz Italien ein Hotel Camping total<\/p>\n","protected":false},"author":3,"featured_media":0,"parent":7,"menu_order":2,"comment_status":"open","ping_status":"open","template":"","meta":{"ngg_post_thumbnail":0,"footnotes":""},"_links":{"self":[{"href":"http:\/\/www.christophulbrich.at\/grandtour\/wp-json\/wp\/v2\/pages\/1036"}],"collection":[{"href":"http:\/\/www.christophulbrich.at\/grandtour\/wp-json\/wp\/v2\/pages"}],"about":[{"href":"http:\/\/www.christophulbrich.at\/grandtour\/wp-json\/wp\/v2\/types\/page"}],"author":[{"embeddable":true,"href":"http:\/\/www.christophulbrich.at\/grandtour\/wp-json\/wp\/v2\/users\/3"}],"replies":[{"embeddable":true,"href":"http:\/\/www.christophulbrich.at\/grandtour\/wp-json\/wp\/v2\/comments?post=1036"}],"version-history":[{"count":11,"href":"http:\/\/www.christophulbrich.at\/grandtour\/wp-json\/wp\/v2\/pages\/1036\/revisions"}],"predecessor-version":[{"id":1909,"href":"http:\/\/www.christophulbrich.at\/grandtour\/wp-json\/wp\/v2\/pages\/1036\/revisions\/1909"}],"up":[{"embeddable":true,"href":"http:\/\/www.christophulbrich.at\/grandtour\/wp-json\/wp\/v2\/pages\/7"}],"wp:attachment":[{"href":"http:\/\/www.christophulbrich.at\/grandtour\/wp-json\/wp\/v2\/media?parent=1036"}],"curies":[{"name":"wp","href":"https:\/\/api.w.org\/{rel}","templated":true}]}}