{"id":1038,"date":"2009-08-12T13:17:07","date_gmt":"2009-08-12T12:17:07","guid":{"rendered":"http:\/\/www.grandtour.at\/main\/?page_id=1038"},"modified":"2017-04-17T22:25:54","modified_gmt":"2017-04-17T20:25:54","slug":"griechenland","status":"publish","type":"page","link":"http:\/\/www.christophulbrich.at\/grandtour\/berichte\/griechenland\/","title":{"rendered":"Griechenland"},"content":{"rendered":"<p>Land der G\u00f6tter und der Berge. Von Igoumenitsa ging es quer durch Griechenland \u00fcber Zitsa, den Kataras-Pass vorbei an den Meteora-Kl\u00f6stern und am Olymp nach Thessaloniki. Dann weiter am Meer entlang \u00fcber Alexandroupoli an die t\u00fcrkische Grenze.<\/p>\n<p><a href=\"http:\/\/www.christophulbrich.at\/grandtour\/news\/griechischer-wein\/\">Griechischer Wein&#8230;<\/a><\/p>\n<p><a href=\"http:\/\/www.christophulbrich.at\/grandtour\/news\/land-der-gotter-und-berge\/\">Land der G\u00f6tter und Berge<\/a><\/p>\n<p><a href=\"http:\/\/www.christophulbrich.at\/grandtour\/news\/hauptsaison-vorbei-fur-immer\/\">Hauptsaison vorbei! &#8211; f\u00fcr immer<\/a><\/p>\n<p><a href=\"http:\/\/www.christophulbrich.at\/grandtour\/news\/der-rest-von-griechenland\">Der Rest von Griechenland<\/a><\/p>\n","protected":false},"excerpt":{"rendered":"<p>Land der G\u00f6tter und der Berge. Von Igoumenitsa ging es quer durch Griechenland \u00fcber Zitsa, den Kataras-Pass vorbei an den Meteora-Kl\u00f6stern und am Olymp nach Thessaloniki. Dann weiter am Meer entlang \u00fcber Alexandroupoli an die t\u00fcrkische Grenze. Griechischer Wein&#8230; Land der G\u00f6tter und Berge Hauptsaison vorbei! &#8211; f\u00fcr immer Der Rest von Griechenland<\/p>\n","protected":false},"author":3,"featured_media":0,"parent":7,"menu_order":3,"comment_status":"open","ping_status":"open","template":"","meta":{"ngg_post_thumbnail":0,"footnotes":""},"_links":{"self":[{"href":"http:\/\/www.christophulbrich.at\/grandtour\/wp-json\/wp\/v2\/pages\/1038"}],"collection":[{"href":"http:\/\/www.christophulbrich.at\/grandtour\/wp-json\/wp\/v2\/pages"}],"about":[{"href":"http:\/\/www.christophulbrich.at\/grandtour\/wp-json\/wp\/v2\/types\/page"}],"author":[{"embeddable":true,"href":"http:\/\/www.christophulbrich.at\/grandtour\/wp-json\/wp\/v2\/users\/3"}],"replies":[{"embeddable":true,"href":"http:\/\/www.christophulbrich.at\/grandtour\/wp-json\/wp\/v2\/comments?post=1038"}],"version-history":[{"count":12,"href":"http:\/\/www.christophulbrich.at\/grandtour\/wp-json\/wp\/v2\/pages\/1038\/revisions"}],"predecessor-version":[{"id":1907,"href":"http:\/\/www.christophulbrich.at\/grandtour\/wp-json\/wp\/v2\/pages\/1038\/revisions\/1907"}],"up":[{"embeddable":true,"href":"http:\/\/www.christophulbrich.at\/grandtour\/wp-json\/wp\/v2\/pages\/7"}],"wp:attachment":[{"href":"http:\/\/www.christophulbrich.at\/grandtour\/wp-json\/wp\/v2\/media?parent=1038"}],"curies":[{"name":"wp","href":"https:\/\/api.w.org\/{rel}","templated":true}]}}