{"id":1301,"date":"2009-10-18T16:09:28","date_gmt":"2009-10-18T15:09:28","guid":{"rendered":"http:\/\/www.grandtour.at\/main\/?page_id=1301"},"modified":"2017-04-17T22:11:30","modified_gmt":"2017-04-17T20:11:30","slug":"china-wes","status":"publish","type":"page","link":"http:\/\/www.christophulbrich.at\/grandtour\/berichte\/china-wes\/","title":{"rendered":"China West"},"content":{"rendered":"<p>Das gr\u00f6\u00dfte Land unserer Tour. Und dann auch noch quer durch vom \u00e4u\u00dfersten Nordwesten in den S\u00fcdosten.<\/p>\n<p><a href=\"http:\/\/www.christophulbrich.at\/grandtour\/news\/hallo-china-tschuss-blog\/\">Tschuess Blog<\/a><\/p>\n<p><a href=\"http:\/\/www.christophulbrich.at\/grandtour\/news\/wir-sind-wieder-da\/\">Und wieder da<\/a><\/p>\n<p><a href=\"http:\/\/www.christophulbrich.at\/grandtour\/news\/mit-dem-fahrrad-nach-china\/\">Mit dem Fahrrad nach China<\/a><\/p>\n<p><a href=\"http:\/\/www.christophulbrich.at\/grandtour\/news\/kashgar\/\">Kashgar: Der Westen vom fernen Osten<\/a><\/p>\n<p><a href=\"http:\/\/www.christophulbrich.at\/grandtour\/news\/durch-die-wueste\/\">Durch die Wueste<\/a><\/p>\n<p><a href=\"http:\/\/www.christophulbrich.at\/grandtour\/news\/woher-kommen-wir-wohin-gehen-wir\/\">Woher kommen wir?<\/a><\/p>\n<p><a href=\"http:\/\/www.christophulbrich.at\/grandtour\/news\/nach-der-wuste-kommen-die-berge\/\">Nach der Wueste kommen die Berge<\/a><\/p>\n<p><a href=\"http:\/\/www.christophulbrich.at\/grandtour\/news\/wueste\/\">10 Weisheiten wie man die Wueste ueberlebt<\/a><\/p>\n<p><a href=\"http:\/\/www.christophulbrich.at\/grandtour\/news\/police\/\">Da kam die Polizei&#8230;<\/a><\/p>\n<p><a href=\"http:\/\/www.christophulbrich.at\/grandtour\/news\/tibet-light\/\">Tibet light<\/a><\/p>\n<p><a href=\"http:\/\/www.christophulbrich.at\/grandtour\/news\/xining\/\">Xining<\/a><\/p>\n","protected":false},"excerpt":{"rendered":"<p>Das gr\u00f6\u00dfte Land unserer Tour. Und dann auch noch quer durch vom \u00e4u\u00dfersten Nordwesten in den S\u00fcdosten. Tschuess Blog Und wieder da Mit dem Fahrrad nach China Kashgar: Der Westen vom fernen Osten Durch die Wueste Woher kommen wir? Nach der Wueste kommen die Berge 10 Weisheiten wie man die Wueste ueberlebt Da kam die [&hellip;]<\/p>\n","protected":false},"author":3,"featured_media":0,"parent":7,"menu_order":9,"comment_status":"open","ping_status":"open","template":"","meta":{"ngg_post_thumbnail":0,"footnotes":""},"_links":{"self":[{"href":"http:\/\/www.christophulbrich.at\/grandtour\/wp-json\/wp\/v2\/pages\/1301"}],"collection":[{"href":"http:\/\/www.christophulbrich.at\/grandtour\/wp-json\/wp\/v2\/pages"}],"about":[{"href":"http:\/\/www.christophulbrich.at\/grandtour\/wp-json\/wp\/v2\/types\/page"}],"author":[{"embeddable":true,"href":"http:\/\/www.christophulbrich.at\/grandtour\/wp-json\/wp\/v2\/users\/3"}],"replies":[{"embeddable":true,"href":"http:\/\/www.christophulbrich.at\/grandtour\/wp-json\/wp\/v2\/comments?post=1301"}],"version-history":[{"count":9,"href":"http:\/\/www.christophulbrich.at\/grandtour\/wp-json\/wp\/v2\/pages\/1301\/revisions"}],"predecessor-version":[{"id":1897,"href":"http:\/\/www.christophulbrich.at\/grandtour\/wp-json\/wp\/v2\/pages\/1301\/revisions\/1897"}],"up":[{"embeddable":true,"href":"http:\/\/www.christophulbrich.at\/grandtour\/wp-json\/wp\/v2\/pages\/7"}],"wp:attachment":[{"href":"http:\/\/www.christophulbrich.at\/grandtour\/wp-json\/wp\/v2\/media?parent=1301"}],"curies":[{"name":"wp","href":"https:\/\/api.w.org\/{rel}","templated":true}]}}