{"id":1446,"date":"2009-12-03T17:59:00","date_gmt":"2009-12-03T16:59:00","guid":{"rendered":"http:\/\/www.grandtour.at\/main\/?page_id=1446"},"modified":"2017-04-17T22:10:53","modified_gmt":"2017-04-17T20:10:53","slug":"china-ost","status":"publish","type":"page","link":"http:\/\/www.christophulbrich.at\/grandtour\/berichte\/china-ost\/","title":{"rendered":"China Ost"},"content":{"rendered":"<p>Das gr\u00f6\u00dfte Land unserer Tour. So gro\u00df, dass wir fast 3 Monate dort waren. Deswegen die Teilung in China West und Ost. Hier die Berichte aus dem Osten Chinas.<\/p>\n<p><a href=\"http:\/\/www.christophulbrich.at\/grandtour\/news\/auf-der-strase-nach-suden\/\">Auf der Stra\u00dfe nach S\u00fcden<\/a><\/p>\n<p><a href=\"http:\/\/www.christophulbrich.at\/grandtour\/news\/langmusi\/\">Langmusi<\/a><\/p>\n<p><a href=\"http:\/\/www.christophulbrich.at\/grandtour\/news\/vorsicht-klischee\/\">Vorsicht Klischee<\/a><\/p>\n<p><a href=\"http:\/\/www.christophulbrich.at\/grandtour\/news\/macht-radfahren-eigentlich-immer-spas\/\">Macht Radfahren eigentlich immer Spass<\/a><\/p>\n<p><a href=\"http:\/\/www.christophulbrich.at\/grandtour\/news\/fu-longs-neue-heimat\/\">Fu-Longs neue Heimat<\/a><\/p>\n<p><a href=\"http:\/\/www.christophulbrich.at\/grandtour\/news\/ferien-3000\/\">Die Ferien des Monsieur Li<\/a><\/p>\n<p><a href=\"http:\/\/www.christophulbrich.at\/grandtour\/news\/wo-die-globalisierung-wohnt\/\">Wo die Globalisierung woht<\/a><\/p>\n<p><a href=\"http:\/\/www.christophulbrich.at\/grandtour\/news\/lee\/\">Schwimmen mit dem Strom<\/a><\/p>\n<p><a href=\"http:\/\/www.christophulbrich.at\/grandtour\/news\/ein-hund-kam-in-die-kuche\/\">Ein Hund kam in die K\u00fcche<\/a><\/p>\n","protected":false},"excerpt":{"rendered":"<p>Das gr\u00f6\u00dfte Land unserer Tour. So gro\u00df, dass wir fast 3 Monate dort waren. Deswegen die Teilung in China West und Ost. Hier die Berichte aus dem Osten Chinas. Auf der Stra\u00dfe nach S\u00fcden Langmusi Vorsicht Klischee Macht Radfahren eigentlich immer Spass Fu-Longs neue Heimat Die Ferien des Monsieur Li Wo die Globalisierung woht Schwimmen [&hellip;]<\/p>\n","protected":false},"author":3,"featured_media":0,"parent":7,"menu_order":10,"comment_status":"open","ping_status":"open","template":"","meta":{"ngg_post_thumbnail":0,"footnotes":""},"_links":{"self":[{"href":"http:\/\/www.christophulbrich.at\/grandtour\/wp-json\/wp\/v2\/pages\/1446"}],"collection":[{"href":"http:\/\/www.christophulbrich.at\/grandtour\/wp-json\/wp\/v2\/pages"}],"about":[{"href":"http:\/\/www.christophulbrich.at\/grandtour\/wp-json\/wp\/v2\/types\/page"}],"author":[{"embeddable":true,"href":"http:\/\/www.christophulbrich.at\/grandtour\/wp-json\/wp\/v2\/users\/3"}],"replies":[{"embeddable":true,"href":"http:\/\/www.christophulbrich.at\/grandtour\/wp-json\/wp\/v2\/comments?post=1446"}],"version-history":[{"count":6,"href":"http:\/\/www.christophulbrich.at\/grandtour\/wp-json\/wp\/v2\/pages\/1446\/revisions"}],"predecessor-version":[{"id":1895,"href":"http:\/\/www.christophulbrich.at\/grandtour\/wp-json\/wp\/v2\/pages\/1446\/revisions\/1895"}],"up":[{"embeddable":true,"href":"http:\/\/www.christophulbrich.at\/grandtour\/wp-json\/wp\/v2\/pages\/7"}],"wp:attachment":[{"href":"http:\/\/www.christophulbrich.at\/grandtour\/wp-json\/wp\/v2\/media?parent=1446"}],"curies":[{"name":"wp","href":"https:\/\/api.w.org\/{rel}","templated":true}]}}