{"id":1497,"date":"2010-01-07T16:50:53","date_gmt":"2010-01-07T15:50:53","guid":{"rendered":"http:\/\/www.grandtour.at\/main\/?page_id=1497"},"modified":"2017-04-17T22:10:19","modified_gmt":"2017-04-17T20:10:19","slug":"laos","status":"publish","type":"page","link":"http:\/\/www.christophulbrich.at\/grandtour\/berichte\/laos\/","title":{"rendered":"Laos"},"content":{"rendered":"<p>Von Vietnam kommend, radeln wir durch den Norden von Laos &#8211; oder fahren, wo es keine Stra\u00dfen gibt, mit dem Boot. Zuerst nach Luang Prabang, ab da dann mit Daniela und Matthias aus Z\u00fcrich weiter nach Phonsavan. Bevor uns einige schwerere Probleme mit den R\u00e4dern zwingen, nach Vang Vieng und schlie\u00dflich Vientiane mit dem Bus zu fahren.<\/p>\n<p><a href=\"http:\/\/www.christophulbrich.at\/grandtour\/news\/nachtrag-nordlaos\/\" target=\"_blank\">Nordlaos<\/a><\/p>\n<p><a href=\"http:\/\/www.christophulbrich.at\/grandtour\/news\/hinter-den-sieben-bergen\/\" target=\"_blank\">Hinter den sieben Bergen<\/a><\/p>\n<p><a href=\"http:\/\/www.christophulbrich.at\/grandtour\/news\/pannen\/\" target=\"_blank\">Pannen<\/a><\/p>\n","protected":false},"excerpt":{"rendered":"<p>Von Vietnam kommend, radeln wir durch den Norden von Laos &#8211; oder fahren, wo es keine Stra\u00dfen gibt, mit dem Boot. Zuerst nach Luang Prabang, ab da dann mit Daniela und Matthias aus Z\u00fcrich weiter nach Phonsavan. Bevor uns einige schwerere Probleme mit den R\u00e4dern zwingen, nach Vang Vieng und schlie\u00dflich Vientiane mit dem Bus [&hellip;]<\/p>\n","protected":false},"author":3,"featured_media":0,"parent":7,"menu_order":12,"comment_status":"open","ping_status":"open","template":"","meta":{"ngg_post_thumbnail":0,"footnotes":""},"_links":{"self":[{"href":"http:\/\/www.christophulbrich.at\/grandtour\/wp-json\/wp\/v2\/pages\/1497"}],"collection":[{"href":"http:\/\/www.christophulbrich.at\/grandtour\/wp-json\/wp\/v2\/pages"}],"about":[{"href":"http:\/\/www.christophulbrich.at\/grandtour\/wp-json\/wp\/v2\/types\/page"}],"author":[{"embeddable":true,"href":"http:\/\/www.christophulbrich.at\/grandtour\/wp-json\/wp\/v2\/users\/3"}],"replies":[{"embeddable":true,"href":"http:\/\/www.christophulbrich.at\/grandtour\/wp-json\/wp\/v2\/comments?post=1497"}],"version-history":[{"count":5,"href":"http:\/\/www.christophulbrich.at\/grandtour\/wp-json\/wp\/v2\/pages\/1497\/revisions"}],"predecessor-version":[{"id":1893,"href":"http:\/\/www.christophulbrich.at\/grandtour\/wp-json\/wp\/v2\/pages\/1497\/revisions\/1893"}],"up":[{"embeddable":true,"href":"http:\/\/www.christophulbrich.at\/grandtour\/wp-json\/wp\/v2\/pages\/7"}],"wp:attachment":[{"href":"http:\/\/www.christophulbrich.at\/grandtour\/wp-json\/wp\/v2\/media?parent=1497"}],"curies":[{"name":"wp","href":"https:\/\/api.w.org\/{rel}","templated":true}]}}