{"id":1854,"date":"2015-05-24T21:52:05","date_gmt":"2015-05-24T19:52:05","guid":{"rendered":"http:\/\/www.grandtour.at\/main\/?page_id=1854"},"modified":"2015-05-24T21:59:16","modified_gmt":"2015-05-24T19:59:16","slug":"idees","status":"publish","type":"page","link":"http:\/\/www.christophulbrich.at\/grandtour\/grand-tour\/idees\/","title":{"rendered":"Idee"},"content":{"rendered":"<p>Was eine gro\u00dfe Aufgabe ist, braucht einen gro\u00dfen Namen. Also: Grand Tour.<\/p>\n<p>Damit h\u00e4ngen wir uns mal ganz unbeschwert an alte Historie. Der Begriff der Grand Tour entstand in der Renaissance, als es im englischen Adel chic wurde, dem theoretischen erworbenen Wissen praktisch noch eines draufzusetzen. Man ging als Abschluss der universit\u00e4ren Bildung auf gro\u00dfe Reise. Die Destination: das europ\u00e4ische Festland und vor allem Italien und Griechenland.<\/p>\n<p>Vorzeige Grand-Tourist im deutschsprachigen Raum war \u2013 nat\u00fcrlich \u2013 Johann Wolfgang Goethe der von 1786 bis 1788 seine <a href=\"http:\/\/de.wikipedia.org\/wiki\/Italienische_Reise\" target=\"_blank\">\u201eItalienische Reise\u201c<\/a> unternahm.<\/p>\n<p>Mehr dazu wei\u00df wie immer <a href=\"http:\/\/de.wikipedia.org\/wiki\/Grand_Tour\" target=\"_blank\">Wikipedia<\/a>.<\/p>\n<p><strong>Grand Tour 09\/10<\/strong><\/p>\n<p>Wie w\u00fcrde eine Grand Tour heute aussehen? Italien und Griechenland sind ein Anfang \u2013 die Grand Tour soll uns aber weiter f\u00fchren, in Kulturen fernab der, mit der wir aufgewachsen sind. In Regionen, \u00fcber die die Medienberichterstattung bei sp\u00e4rlich ist, die aber reich an Kultur sind. Unsere Grand Tour soll uns die Seidenstra\u00dfe entlang in Richtung Osten bis nach Zentral- und S\u00fcdostasien f\u00fchren.<\/p>\n<p>Weil Kutschen aus der Mode und Autos zu schnell sind, nehmen wir das Fahrrad. Denn ein nicht unwesentlicher Aspekt der historischen Grand Tour waren auch die damit verbundenen Strapazen. Ein anderer die menschlichen Begegnungen. Und die ergeben sich einfach eher, wenn man nicht voll-klimatisiert und Allrad-getrieben durchs Gel\u00e4nde rast.<\/p>\n<p>In diesem Sinne also Tsch\u00fcs zentral geheizte Gem\u00fctlichkeit, auf Wiedersehen 24\/7 Medien-Versorgung, good bye t\u00e4gliche Routine. Und bei der Wirtschaftskrise machen wir sowieso nicht mit und fahren jetzt mal weg.<\/p>\n<p>Wir haben irgendwann beschlossen, dass unser Alltag ein wenig zu geradlinig abl\u00e4uft. Dass wir nicht immer mehr Geld ansammeln wollen um immer mehr zu kaufen, an Dingen, die wir eh nicht brauchen.<\/p>\n<p>In diesem Sinne:<\/p>\n<p style=\"margin-bottom: 0cm;\"><strong>Fahren wir doch lieber mit dem Fahrrad um die Welt als mit dem Porsche ins B\u00fcro!<\/strong><\/p>\n","protected":false},"excerpt":{"rendered":"<p>Was eine gro\u00dfe Aufgabe ist, braucht einen gro\u00dfen Namen. Also: Grand Tour. Damit h\u00e4ngen wir uns mal ganz unbeschwert an alte Historie. Der Begriff der Grand Tour entstand in der Renaissance, als es im englischen Adel chic wurde, dem theoretischen erworbenen Wissen praktisch noch eines draufzusetzen. Man ging als Abschluss der universit\u00e4ren Bildung auf gro\u00dfe [&hellip;]<\/p>\n","protected":false},"author":3,"featured_media":0,"parent":1850,"menu_order":1,"comment_status":"open","ping_status":"open","template":"","meta":{"ngg_post_thumbnail":0,"footnotes":""},"_links":{"self":[{"href":"http:\/\/www.christophulbrich.at\/grandtour\/wp-json\/wp\/v2\/pages\/1854"}],"collection":[{"href":"http:\/\/www.christophulbrich.at\/grandtour\/wp-json\/wp\/v2\/pages"}],"about":[{"href":"http:\/\/www.christophulbrich.at\/grandtour\/wp-json\/wp\/v2\/types\/page"}],"author":[{"embeddable":true,"href":"http:\/\/www.christophulbrich.at\/grandtour\/wp-json\/wp\/v2\/users\/3"}],"replies":[{"embeddable":true,"href":"http:\/\/www.christophulbrich.at\/grandtour\/wp-json\/wp\/v2\/comments?post=1854"}],"version-history":[{"count":2,"href":"http:\/\/www.christophulbrich.at\/grandtour\/wp-json\/wp\/v2\/pages\/1854\/revisions"}],"predecessor-version":[{"id":1869,"href":"http:\/\/www.christophulbrich.at\/grandtour\/wp-json\/wp\/v2\/pages\/1854\/revisions\/1869"}],"up":[{"embeddable":true,"href":"http:\/\/www.christophulbrich.at\/grandtour\/wp-json\/wp\/v2\/pages\/1850"}],"wp:attachment":[{"href":"http:\/\/www.christophulbrich.at\/grandtour\/wp-json\/wp\/v2\/media?parent=1854"}],"curies":[{"name":"wp","href":"https:\/\/api.w.org\/{rel}","templated":true}]}}