{"id":1856,"date":"2015-05-24T21:53:05","date_gmt":"2015-05-24T19:53:05","guid":{"rendered":"http:\/\/www.grandtour.at\/main\/?page_id=1856"},"modified":"2015-05-24T21:57:04","modified_gmt":"2015-05-24T19:57:04","slug":"fahrraeders","status":"publish","type":"page","link":"http:\/\/www.christophulbrich.at\/grandtour\/grand-tour\/fahrraeders\/","title":{"rendered":"Fahrr\u00e4der"},"content":{"rendered":"<p>Je 2 Packtaschen am Vorder- und Hinterrad, dazu eine kleine am Lenker. Unser Haushalt wird sich im n\u00e4chsten Jahr auf das Notwendigste beschr\u00e4nken.<\/p>\n<p>Nicht gespart haben wir allerdings bei unsere Fahrr\u00e4dern. Schlie\u00dflich sollen sie das alles und uns ein Jahr (er-)tragen.<\/p>\n<h2><strong>Christophs Rad\u00a0\u00a0\u00a0\u00a0\u00a0\u00a0\u00a0\u00a0\u00a0\u00a0\u00a0\u00a0\u00a0\u00a0\u00a0\u00a0\u00a0\u00a0\u00a0\u00a0\u00a0\u00a0\u00a0\u00a0\u00a0\u00a0\u00a0\u00a0\u00a0\u00a0\u00a0\u00a0\u00a0\u00a0\u00a0\u00a0\u00a0\u00a0\u00a0\u00a0\u00a0\u00a0\u00a0\u00a0 Katharinas Rad<\/strong><\/h2>\n<p><strong><img decoding=\"async\" class=\"size-medium wp-image-1343 alignleft\" title=\"yasec\" src=\"http:\/\/www.christophulbrich.at\/grandtour\/wp-content\/uploads\/2009\/03\/yasec-300x200.jpg\" alt=\"yasec\" width=\"300\" height=\"200\" srcset=\"http:\/\/www.christophulbrich.at\/grandtour\/wp-content\/uploads\/2009\/03\/yasec-300x200.jpg 300w, http:\/\/www.christophulbrich.at\/grandtour\/wp-content\/uploads\/2009\/03\/yasec.jpg 600w\" sizes=\"(max-width: 300px) 100vw, 300px\" \/><img decoding=\"async\" class=\"size-medium wp-image-1344 alignright\" title=\"velotraum1\" src=\"http:\/\/www.christophulbrich.at\/grandtour\/wp-content\/uploads\/2009\/03\/velotraum1-300x200.jpg\" alt=\"velotraum1\" width=\"300\" height=\"200\" srcset=\"http:\/\/www.christophulbrich.at\/grandtour\/wp-content\/uploads\/2009\/03\/velotraum1-300x200.jpg 300w, http:\/\/www.christophulbrich.at\/grandtour\/wp-content\/uploads\/2009\/03\/velotraum1.jpg 600w\" sizes=\"(max-width: 300px) 100vw, 300px\" \/><br \/>\n<\/strong><\/p>\n<table style=\"width: 600px; height: 500px;\" border=\"0\" frame=\"void\" align=\"left\">\n<tbody>\n<tr>\n<td>Rahmen:<\/td>\n<td>Yasec Deda cromo<\/td>\n<td><span style=\"font-weight: normal;\">Rahmen:<\/span><\/td>\n<td><span style=\"font-weight: normal;\">Velotraum crosscromo<\/span><\/td>\n<\/tr>\n<tr>\n<td>Felgen:<\/td>\n<td>DT Swiss XR4.1<\/td>\n<td><span style=\"font-weight: normal;\">Felgen:<\/span><\/td>\n<td><span style=\"font-weight: normal;\">DT Swiss XR4.1<\/span><\/td>\n<\/tr>\n<tr>\n<td>Nabe:<\/td>\n<td>DT Swiss 340 \/ SON-Dynamo<\/td>\n<td><span style=\"font-weight: normal;\">Nabe:<\/span><\/td>\n<td><span style=\"font-weight: normal;\">DT Swiss 240<\/span><\/td>\n<\/tr>\n<tr>\n<td>Speichen:<\/td>\n<td>DT Swiss Competition<\/td>\n<td>Speichen<\/td>\n<td><span style=\"font-weight: normal;\">DT Swiss Competition<\/span><\/td>\n<\/tr>\n<tr>\n<td>Reifen:<\/td>\n<td>Schwalbe Marathon Extreme<\/td>\n<td><span style=\"font-weight: normal;\">Reifen:<\/span><\/td>\n<td>Schwalbe Marathon Extreme<\/td>\n<\/tr>\n<tr>\n<td>Schl\u00e4uche:<\/td>\n<td>Schwalbe<\/td>\n<td>Schl\u00e4uche:<\/td>\n<td><span style=\"font-weight: normal;\">Schwalbe<br \/>\n<\/span><\/td>\n<\/tr>\n<tr>\n<td>Kurbel:<\/td>\n<td>Truvativ Stylo<\/td>\n<td>Kurbel:<\/td>\n<td>Truvativ Stylo<\/td>\n<\/tr>\n<tr>\n<td>Pedale:<\/td>\n<td>Time Attac XS<\/td>\n<td>Pedale:<\/td>\n<td>Time Z Control<\/td>\n<\/tr>\n<tr>\n<td>Schaltung:<\/td>\n<td>Sram X.0.<\/td>\n<td>Schaltung:<\/td>\n<td>Sram X.9.<\/td>\n<\/tr>\n<tr>\n<td>Schalthebel:<\/td>\n<td>Sram X.0.<\/td>\n<td>Schalthebel:<\/td>\n<td>Sram X.0.<\/td>\n<\/tr>\n<tr>\n<td>Kasette:<\/td>\n<td>Sram 950<\/td>\n<td>Kasette:<\/td>\n<td>Sram 970<\/td>\n<\/tr>\n<tr>\n<td>Kette:<\/td>\n<td>Sram<\/td>\n<td>Kette:<\/td>\n<td>Sram<\/td>\n<\/tr>\n<tr>\n<td>Lenker:<\/td>\n<td>Truvativ Team &#8211; gek\u00fcrzt<\/td>\n<td>Lenker:<\/td>\n<td>Truvativ Team &#8211; gek\u00fcrzt<\/td>\n<\/tr>\n<tr>\n<td>Vorbau:<\/td>\n<td>Truvativ Team (120mm)<\/td>\n<td>Vorbau:<\/td>\n<td>Truvativ Team (100mm)<\/td>\n<\/tr>\n<tr>\n<td>Steuersatz:<\/td>\n<td>Cane Creek S3<\/td>\n<td>Steuersatz:<\/td>\n<td>Cane Creek S3<\/td>\n<\/tr>\n<tr>\n<td>Sattelst\u00fctze:<\/td>\n<td>Salsa Steam (2,3cm Versatz)<\/td>\n<td>Sattelst\u00fctze:<\/td>\n<td>Ritchey Comp<\/td>\n<\/tr>\n<tr>\n<td>Sattel:<\/td>\n<td>Terry<\/td>\n<td>Sattel:<\/td>\n<td>Terry<\/td>\n<\/tr>\n<tr>\n<td>Griffe:<\/td>\n<td>Ergon M2<\/td>\n<td>Griffe:<\/td>\n<td>Ergon M2<\/td>\n<\/tr>\n<tr>\n<td>Bremsen:<\/td>\n<td>Avid Single Digit 7<\/td>\n<td>Bremsen:<\/td>\n<td>Avid Single Digit 7<\/td>\n<\/tr>\n<tr>\n<td>Bremshebel:<\/td>\n<td>Avid Speed Dial<\/td>\n<td>Bremshebel:<\/td>\n<td>Avid Speed Dial<\/td>\n<\/tr>\n<tr>\n<td>Gep\u00e4cktr\u00e4ger:<\/td>\n<td>Tubus Logo<\/td>\n<td>Gep\u00e4cktr\u00e4ger:<\/td>\n<td>Tubus Logo<\/td>\n<\/tr>\n<tr>\n<td>Lowrider:<\/td>\n<td>Tubus Tarra<\/td>\n<td>Lowrider:<\/td>\n<td>Tubus Tarra<\/td>\n<\/tr>\n<tr>\n<td>Taschen:<\/td>\n<td>Ortlieb Classic<\/td>\n<td>Taschen<\/td>\n<td>Ortlieb Classic<\/td>\n<\/tr>\n<\/tbody>\n<\/table>\n<div style=\"visibility: hidden; height: 520px;\">ANY_ITEM_HERE<\/div>\n<h2><strong>Anderes Zeugs<\/strong><\/h2>\n<table style=\"width: 298px; height: 220px;\" border=\"0\">\n<tbody>\n<tr>\n<td>Zelt:<\/td>\n<td>Vaude Danao<\/td>\n<\/tr>\n<tr>\n<td>Schlafmatten:<\/td>\n<td>Thermarest ProLite4<\/td>\n<\/tr>\n<tr>\n<td>Schlafs\u00e4cke:<\/td>\n<td>Yeti Sunriser 600 \/ Macpack<\/td>\n<\/tr>\n<tr>\n<td>Kocher:<\/td>\n<td>Primus OmniFuel<\/td>\n<\/tr>\n<tr>\n<td>T\u00f6pfe:<\/td>\n<td>Primus Litech<\/td>\n<\/tr>\n<tr>\n<td>Wasserfilter:<\/td>\n<td>MSR Mini Works<\/td>\n<\/tr>\n<tr>\n<td>GPS:<\/td>\n<td>Garmin etrex Vista HCx<\/td>\n<\/tr>\n<tr>\n<td>Kamera;<\/td>\n<td>Canon EOS 400D \/ Canon Ixus60<\/td>\n<\/tr>\n<tr>\n<td>Computer:<\/td>\n<td>Asus EEEPc 1000h \/ Ubuntu 9.4<\/td>\n<\/tr>\n<tr>\n<td>Speicherkarten:<\/td>\n<td>diverse<\/td>\n<\/tr>\n<\/tbody>\n<\/table>\n<div style=\"visibility: hidden; height: 30px;\">ANY_ITEM_HERE<\/div>\n<p>&nbsp;<\/p>\n<div style=\"visibility: hidden; height: 30px;\">ANY_ITEM_HERE<\/div>\n<p>&nbsp;<\/p>\n","protected":false},"excerpt":{"rendered":"<p>Je 2 Packtaschen am Vorder- und Hinterrad, dazu eine kleine am Lenker. Unser Haushalt wird sich im n\u00e4chsten Jahr auf das Notwendigste beschr\u00e4nken. Nicht gespart haben wir allerdings bei unsere Fahrr\u00e4dern. Schlie\u00dflich sollen sie das alles und uns ein Jahr (er-)tragen. Christophs Rad\u00a0\u00a0\u00a0\u00a0\u00a0\u00a0\u00a0\u00a0\u00a0\u00a0\u00a0\u00a0\u00a0\u00a0\u00a0\u00a0\u00a0\u00a0\u00a0\u00a0\u00a0\u00a0\u00a0\u00a0\u00a0\u00a0\u00a0\u00a0\u00a0\u00a0\u00a0\u00a0\u00a0\u00a0\u00a0\u00a0\u00a0\u00a0\u00a0\u00a0\u00a0\u00a0\u00a0\u00a0 Katharinas Rad Rahmen: Yasec Deda cromo Rahmen: Velotraum crosscromo Felgen: DT Swiss [&hellip;]<\/p>\n","protected":false},"author":3,"featured_media":0,"parent":1850,"menu_order":2,"comment_status":"open","ping_status":"open","template":"","meta":{"ngg_post_thumbnail":0,"footnotes":""},"_links":{"self":[{"href":"http:\/\/www.christophulbrich.at\/grandtour\/wp-json\/wp\/v2\/pages\/1856"}],"collection":[{"href":"http:\/\/www.christophulbrich.at\/grandtour\/wp-json\/wp\/v2\/pages"}],"about":[{"href":"http:\/\/www.christophulbrich.at\/grandtour\/wp-json\/wp\/v2\/types\/page"}],"author":[{"embeddable":true,"href":"http:\/\/www.christophulbrich.at\/grandtour\/wp-json\/wp\/v2\/users\/3"}],"replies":[{"embeddable":true,"href":"http:\/\/www.christophulbrich.at\/grandtour\/wp-json\/wp\/v2\/comments?post=1856"}],"version-history":[{"count":2,"href":"http:\/\/www.christophulbrich.at\/grandtour\/wp-json\/wp\/v2\/pages\/1856\/revisions"}],"predecessor-version":[{"id":1868,"href":"http:\/\/www.christophulbrich.at\/grandtour\/wp-json\/wp\/v2\/pages\/1856\/revisions\/1868"}],"up":[{"embeddable":true,"href":"http:\/\/www.christophulbrich.at\/grandtour\/wp-json\/wp\/v2\/pages\/1850"}],"wp:attachment":[{"href":"http:\/\/www.christophulbrich.at\/grandtour\/wp-json\/wp\/v2\/media?parent=1856"}],"curies":[{"name":"wp","href":"https:\/\/api.w.org\/{rel}","templated":true}]}}