{"id":1858,"date":"2015-05-24T21:54:38","date_gmt":"2015-05-24T19:54:38","guid":{"rendered":"http:\/\/www.grandtour.at\/main\/?page_id=1858"},"modified":"2015-05-24T21:54:38","modified_gmt":"2015-05-24T19:54:38","slug":"unterstuetzer","status":"publish","type":"page","link":"http:\/\/www.christophulbrich.at\/grandtour\/grand-tour\/unterstuetzer\/","title":{"rendered":"Unterst\u00fctzer"},"content":{"rendered":"<p><a href=\"http:\/\/www.loeffler.at\" target=\"_blank\"><img decoding=\"async\" class=\"alignleft size-full wp-image-671\" title=\"loffler_klein\" src=\"http:\/\/www.christophulbrich.at\/grandtour\/wp-content\/uploads\/2009\/03\/loffler_klein.jpg\" alt=\"loffler_klein\" width=\"200\" height=\"70\" srcset=\"http:\/\/www.christophulbrich.at\/grandtour\/wp-content\/uploads\/2009\/03\/loffler_klein.jpg 409w, http:\/\/www.christophulbrich.at\/grandtour\/wp-content\/uploads\/2009\/03\/loffler_klein-300x104.jpg 300w\" sizes=\"(max-width: 200px) 100vw, 200px\" \/><\/a><span style=\"font-family: mceinline;\">Danke an die Firma <\/span><a href=\"L\u00f6ffler\" target=\"_blank\"><span style=\"font-size: medium;\"><span style=\"font-family: mceinline;\">L\u00f6ffler<\/span><\/span><\/a><span style=\"font-size: medium;\"><span style=\"font-family: mceinline;\">, die uns Regen- und Funktionskleidung zum Promotionpreis\u00a0 zur Verf\u00fcgung gestellt hat.<\/span><\/span><\/p>\n<div style=\"visibility: hidden; height: 50px;\"><span style=\"font-size: medium;\">ANY_ITEM_HERE<\/span><\/div>\n<p><img decoding=\"async\" class=\"alignleft size-medium wp-image-537\" title=\"800px-logo_schwalbesvg\" src=\"http:\/\/www.christophulbrich.at\/grandtour\/wp-content\/uploads\/2009\/03\/800px-logo_schwalbesvg-300x107.png\" alt=\"800px-logo_schwalbesvg\" width=\"200\" height=\"68\" \/><span style=\"font-size: medium;\"> Danke an Schwalbe, die uns mit zwei kompletten Reifens\u00e4tzen ausgestattet haben.<\/span><\/p>\n<div style=\"visibility: hidden; height: 50px;\"><span style=\"font-size: medium;\">ANY_ITEM_HERE<\/span><\/div>\n<p><a href=\"http:\/\/www.ortlieb.com\" target=\"_blank\"><img decoding=\"async\" class=\"alignleft size-full wp-image-618\" title=\"ortlieb_logo\" src=\"http:\/\/www.christophulbrich.at\/grandtour\/wp-content\/uploads\/2009\/04\/ortlieb_logo.jpg\" alt=\"ortlieb_logo\" width=\"200\" height=\"46\" \/><\/a><span style=\"font-size: medium;\">Danke an die Firma <\/span><a href=\"http:\/\/www.sportandoutdoor.com\" target=\"_blank\"><span style=\"font-size: medium;\">Sport &amp; Outdoor<\/span><\/a><span style=\"font-size: medium;\"> \u2013 \u00d6sterreich-Vertrieb von Ortlieb \u2013 die uns Radtaschen zum Vorzugspreis zur Verf\u00fcgung gestellt hat.<\/span><\/p>\n<div style=\"visibility: hidden; height: 30px;\"><span style=\"font-size: medium;\">ANY_ITEM_HERE<\/span><\/div>\n<p><a href=\"http:\/\/www.canon.at\" target=\"_blank\"><img decoding=\"async\" class=\"alignleft size-full wp-image-739\" title=\"canon_logo_klein\" src=\"http:\/\/www.christophulbrich.at\/grandtour\/wp-content\/uploads\/2009\/03\/canon_logo_klein.jpg\" alt=\"canon_logo_klein\" width=\"200\" height=\"69\" \/><\/a><span style=\"font-size: medium;\"> Danke an Canon \u00d6sterreich und besonders an Marketingleiter Michael Lukschander, der uns eine Canon Eos 400d Spiegelreflexkamera zur Verf\u00fcgung gestellt hat.<\/span><\/p>\n<div style=\"visibility: hidden; height: 30px;\"><span style=\"font-size: medium;\">ANY_ITEM_HERE<\/span><\/div>\n<p><img decoding=\"async\" class=\"alignleft size-full wp-image-334\" title=\"singer_logo\" src=\"http:\/\/www.christophulbrich.at\/grandtour\/wp-content\/uploads\/2009\/03\/singer_logo.jpg\" alt=\"singer_logo\" width=\"200\" height=\"133\" \/><span style=\"font-size: medium;\">Danke an Raimund vom <\/span><a href=\"http:\/\/nyx.at\/bikeboard\/show_haendler.php?hid=11\"><span style=\"font-size: medium;\">Radhaus Singer<\/span><\/a><span style=\"font-size: medium;\">, der uns bei der Beschaffung der Fahrradteile unterst\u00fctzt hat und au\u00dferdem seine Werkstatt zur Verf\u00fcgung gestellt hat.<\/span><\/p>\n<div style=\"visibility: hidden; height: 95px;\"><span style=\"font-size: medium;\">ANY_ITEM_HERE<\/span><\/div>\n<p><span style=\"font-size: medium;\">Karoly von <\/span><a href=\"http:\/\/www.yasec.hu\"><span style=\"font-size: medium;\">YASEC<\/span><\/a><span style=\"font-size: medium;\"> aus Sopron (HU), der Christoph einen Ma\u00dfrahmen aus Dedaccai-Stahl zu einem mehr als fairen Preis geschwei\u00dft hat.<\/span><\/p>\n<p><a href=\"http:\/\/www.brunofenzl.com\"><span style=\"font-size: medium;\">Bruno Fenzl<\/span><\/a><span style=\"font-size: medium;\">, Webdesigner und Programmierer, der uns bei der Gestaltung der Homepage professionell geholfen hat.<\/span><\/p>\n<p><span style=\"font-size: medium;\">Dr. Richard Wosyka, der uns kostenlos einen Haufen Impfungen verpasst hat.<\/span><\/p>\n<p><span style=\"font-size: medium;\">Danke an Edith Wurnig und Helga Ulbrich im Basislager in Wien, die uns &#8222;poste restante&#8220; mit Ersatzteilen etc. versorgen, wann immer das n\u00f6tig ist.<\/span><\/p>\n","protected":false},"excerpt":{"rendered":"<p>Danke an die Firma L\u00f6ffler, die uns Regen- und Funktionskleidung zum Promotionpreis\u00a0 zur Verf\u00fcgung gestellt hat. ANY_ITEM_HERE Danke an Schwalbe, die uns mit zwei kompletten Reifens\u00e4tzen ausgestattet haben. ANY_ITEM_HERE Danke an die Firma Sport &amp; Outdoor \u2013 \u00d6sterreich-Vertrieb von Ortlieb \u2013 die uns Radtaschen zum Vorzugspreis zur Verf\u00fcgung gestellt hat. ANY_ITEM_HERE Danke an Canon \u00d6sterreich [&hellip;]<\/p>\n","protected":false},"author":3,"featured_media":0,"parent":1850,"menu_order":3,"comment_status":"open","ping_status":"open","template":"","meta":{"ngg_post_thumbnail":0,"footnotes":""},"_links":{"self":[{"href":"http:\/\/www.christophulbrich.at\/grandtour\/wp-json\/wp\/v2\/pages\/1858"}],"collection":[{"href":"http:\/\/www.christophulbrich.at\/grandtour\/wp-json\/wp\/v2\/pages"}],"about":[{"href":"http:\/\/www.christophulbrich.at\/grandtour\/wp-json\/wp\/v2\/types\/page"}],"author":[{"embeddable":true,"href":"http:\/\/www.christophulbrich.at\/grandtour\/wp-json\/wp\/v2\/users\/3"}],"replies":[{"embeddable":true,"href":"http:\/\/www.christophulbrich.at\/grandtour\/wp-json\/wp\/v2\/comments?post=1858"}],"version-history":[{"count":2,"href":"http:\/\/www.christophulbrich.at\/grandtour\/wp-json\/wp\/v2\/pages\/1858\/revisions"}],"predecessor-version":[{"id":1860,"href":"http:\/\/www.christophulbrich.at\/grandtour\/wp-json\/wp\/v2\/pages\/1858\/revisions\/1860"}],"up":[{"embeddable":true,"href":"http:\/\/www.christophulbrich.at\/grandtour\/wp-json\/wp\/v2\/pages\/1850"}],"wp:attachment":[{"href":"http:\/\/www.christophulbrich.at\/grandtour\/wp-json\/wp\/v2\/media?parent=1858"}],"curies":[{"name":"wp","href":"https:\/\/api.w.org\/{rel}","templated":true}]}}