{"id":28,"date":"2009-03-04T19:24:33","date_gmt":"2009-03-04T18:24:33","guid":{"rendered":"http:\/\/www.grandtour.at\/?page_id=28"},"modified":"2017-04-17T22:15:44","modified_gmt":"2017-04-17T20:15:44","slug":"bericht-1","status":"publish","type":"page","link":"http:\/\/www.christophulbrich.at\/grandtour\/berichte\/bericht-1\/","title":{"rendered":"\u00d6sterreich"},"content":{"rendered":"<p>Die erste Etappe f\u00fchrt uns von der Haust\u00fcre in Wien\/Leopoldstadt weg quer durch \u00d6sterreich Richtung Italien.<\/p>\n<p>Tagesetappen mit dem Fahrrad bis an die italienische Grenze: 4<\/p>\n<p>Berichte dazu: <\/p>\n<p><a href=\"http:\/\/www.christophulbrich.at\/grandtour\/news\/stand-der-dinge-702-km\/\">genau einer<\/a><\/p>\n","protected":false},"excerpt":{"rendered":"<p>Die erste Etappe f\u00fchrt uns von der Haust\u00fcre in Wien\/Leopoldstadt weg quer durch \u00d6sterreich Richtung Italien. Tagesetappen mit dem Fahrrad bis an die italienische Grenze: 4 Berichte dazu: genau einer<\/p>\n","protected":false},"author":1,"featured_media":0,"parent":7,"menu_order":1,"comment_status":"open","ping_status":"closed","template":"","meta":{"ngg_post_thumbnail":0,"footnotes":""},"_links":{"self":[{"href":"http:\/\/www.christophulbrich.at\/grandtour\/wp-json\/wp\/v2\/pages\/28"}],"collection":[{"href":"http:\/\/www.christophulbrich.at\/grandtour\/wp-json\/wp\/v2\/pages"}],"about":[{"href":"http:\/\/www.christophulbrich.at\/grandtour\/wp-json\/wp\/v2\/types\/page"}],"author":[{"embeddable":true,"href":"http:\/\/www.christophulbrich.at\/grandtour\/wp-json\/wp\/v2\/users\/1"}],"replies":[{"embeddable":true,"href":"http:\/\/www.christophulbrich.at\/grandtour\/wp-json\/wp\/v2\/comments?post=28"}],"version-history":[{"count":30,"href":"http:\/\/www.christophulbrich.at\/grandtour\/wp-json\/wp\/v2\/pages\/28\/revisions"}],"predecessor-version":[{"id":1911,"href":"http:\/\/www.christophulbrich.at\/grandtour\/wp-json\/wp\/v2\/pages\/28\/revisions\/1911"}],"up":[{"embeddable":true,"href":"http:\/\/www.christophulbrich.at\/grandtour\/wp-json\/wp\/v2\/pages\/7"}],"wp:attachment":[{"href":"http:\/\/www.christophulbrich.at\/grandtour\/wp-json\/wp\/v2\/media?parent=28"}],"curies":[{"name":"wp","href":"https:\/\/api.w.org\/{rel}","templated":true}]}}