{"id":44,"date":"2009-03-04T19:27:41","date_gmt":"2009-03-04T18:27:41","guid":{"rendered":"http:\/\/www.grandtour.at\/?page_id=44"},"modified":"2009-03-29T16:38:23","modified_gmt":"2009-03-29T15:38:23","slug":"baltikum-08","status":"publish","type":"page","link":"http:\/\/www.christophulbrich.at\/grandtour\/andere-touren\/baltikum-08\/","title":{"rendered":"Polen\/Baltikum 08"},"content":{"rendered":"<p>Ganz im Norden Estland, davor Lettland und s\u00fcdlich davon Litauen. Oder doch umgekehrt? Und wie hei\u00dfen jetzt noch einmal die jeweiligen Hauptst\u00e4dte? Weil wir das bislang nur schwer unterscheiden konnten, sind wir zu einem Lokalaugenschein aufgebrochen.<\/p>\n<p>Die Etappen: Poprad \u2013 Zakopane \u2013 Krakau \u2013 Warschau \u2013 Masuren \u2013 Litauen \u2013 Riga\/Lettland \u2013 Tallinn\/Estland \u2013 Helsinki<\/p>\nngg_shortcode_0_placeholder\n","protected":false},"excerpt":{"rendered":"<p>Ganz im Norden Estland, davor Lettland und s\u00fcdlich davon Litauen. Oder doch umgekehrt? Und wie hei\u00dfen jetzt noch einmal die jeweiligen Hauptst\u00e4dte? Weil wir das bislang nur schwer unterscheiden konnten, sind wir zu einem Lokalaugenschein aufgebrochen. Die Etappen: Poprad \u2013 Zakopane \u2013 Krakau \u2013 Warschau \u2013 Masuren \u2013 Litauen \u2013 Riga\/Lettland \u2013 Tallinn\/Estland \u2013 Helsinki<\/p>\n","protected":false},"author":1,"featured_media":0,"parent":12,"menu_order":3,"comment_status":"closed","ping_status":"closed","template":"","meta":{"ngg_post_thumbnail":0,"footnotes":""},"_links":{"self":[{"href":"http:\/\/www.christophulbrich.at\/grandtour\/wp-json\/wp\/v2\/pages\/44"}],"collection":[{"href":"http:\/\/www.christophulbrich.at\/grandtour\/wp-json\/wp\/v2\/pages"}],"about":[{"href":"http:\/\/www.christophulbrich.at\/grandtour\/wp-json\/wp\/v2\/types\/page"}],"author":[{"embeddable":true,"href":"http:\/\/www.christophulbrich.at\/grandtour\/wp-json\/wp\/v2\/users\/1"}],"replies":[{"embeddable":true,"href":"http:\/\/www.christophulbrich.at\/grandtour\/wp-json\/wp\/v2\/comments?post=44"}],"version-history":[{"count":10,"href":"http:\/\/www.christophulbrich.at\/grandtour\/wp-json\/wp\/v2\/pages\/44\/revisions"}],"predecessor-version":[{"id":536,"href":"http:\/\/www.christophulbrich.at\/grandtour\/wp-json\/wp\/v2\/pages\/44\/revisions\/536"}],"up":[{"embeddable":true,"href":"http:\/\/www.christophulbrich.at\/grandtour\/wp-json\/wp\/v2\/pages\/12"}],"wp:attachment":[{"href":"http:\/\/www.christophulbrich.at\/grandtour\/wp-json\/wp\/v2\/media?parent=44"}],"curies":[{"name":"wp","href":"https:\/\/api.w.org\/{rel}","templated":true}]}}